{"id":104,"date":"2026-04-27T15:55:01","date_gmt":"2026-04-27T15:55:01","guid":{"rendered":"https:\/\/finnishbeefcompany.fi\/?page_id=104"},"modified":"2026-04-27T15:55:07","modified_gmt":"2026-04-27T15:55:07","slug":"page-daccueil","status":"publish","type":"page","link":"https:\/\/finnishbeefcompany.fi\/index.php\/page-daccueil\/","title":{"rendered":"Page d&#8217;accueil"},"content":{"rendered":"\n<p>Service finlandais de vente et d&#8217;achat de bovins \u00e0 viande&nbsp;<\/p>\n\n\n\n<p>L&#8217;objectif de FBC est de permettre \u00e0 ses membres et \u00e0 ses exploitations partenaires, aujourd&#8217;hui comme \u00e0 l&#8217;avenir, d&#8217;obtenir le meilleur prix possible pour les bovins vivants et la viande bovine. FBC \u0153uvre en toute transparence pour accro\u00eetre la valeur et l&#8217;ind\u00e9pendance de la production finlandaise de viande bovine, ainsi que le prix per\u00e7u par les producteurs pour leur production.&nbsp;<\/p>\n\n\n\n<p>FBC est une entreprise d\u00e9tenue par les producteurs de viande bovine.&nbsp;<\/p>\n\n\n\n<p>L&#8217;ambition de FBC est de construire, avec les autres producteurs finlandais de viande bovine, une alternative commerciale que chacun pourra consid\u00e9rer comme la sienne, dans laquelle chaque exploitation bovine aura la possibilit\u00e9 d&#8217;obtenir le meilleur prix possible pour ses animaux. FBC sollicite actuellement aupr\u00e8s de l&#8217;Autorit\u00e9 finlandaise de s\u00e9curit\u00e9 alimentaire (Ruokavirasto) la reconnaissance en tant qu&#8217;organisation de producteurs (4\/2026).&nbsp;<\/p>\n\n\n\n<p>Le principe directeur de FBC est la transparence, tant sur le prix que sur la qualit\u00e9. Par son activit\u00e9, FBC souhaite aider les producteurs \u00e0 renforcer leurs propres comp\u00e9tences commerciales ainsi que l&#8217;\u00e9levage d&#8217;un cheptel de qualit\u00e9.&nbsp;<\/p>\n","protected":false},"excerpt":{"rendered":"<p>Service finlandais de vente et d&#8217;achat de bovins \u00e0 viande&nbsp; L&#8217;objectif de FBC est de permettre \u00e0 ses membres et \u00e0 ses exploitations partenaires, aujourd&#8217;hui comme \u00e0 l&#8217;avenir, d&#8217;obtenir le meilleur prix possible pour les bovins vivants et la viande bovine. FBC \u0153uvre en toute transparence pour accro\u00eetre la valeur [&hellip;]<\/p>\n","protected":false},"author":1,"featured_media":0,"parent":0,"menu_order":0,"comment_status":"closed","ping_status":"closed","template":"","meta":{"_themeisle_gutenberg_block_has_review":false,"footnotes":""},"class_list":["post-104","page","type-page","status-publish","hentry"],"jetpack_sharing_enabled":true,"_links":{"self":[{"href":"https:\/\/finnishbeefcompany.fi\/index.php\/wp-json\/wp\/v2\/pages\/104","targetHints":{"allow":["GET"]}}],"collection":[{"href":"https:\/\/finnishbeefcompany.fi\/index.php\/wp-json\/wp\/v2\/pages"}],"about":[{"href":"https:\/\/finnishbeefcompany.fi\/index.php\/wp-json\/wp\/v2\/types\/page"}],"author":[{"embeddable":true,"href":"https:\/\/finnishbeefcompany.fi\/index.php\/wp-json\/wp\/v2\/users\/1"}],"replies":[{"embeddable":true,"href":"https:\/\/finnishbeefcompany.fi\/index.php\/wp-json\/wp\/v2\/comments?post=104"}],"version-history":[{"count":1,"href":"https:\/\/finnishbeefcompany.fi\/index.php\/wp-json\/wp\/v2\/pages\/104\/revisions"}],"predecessor-version":[{"id":105,"href":"https:\/\/finnishbeefcompany.fi\/index.php\/wp-json\/wp\/v2\/pages\/104\/revisions\/105"}],"wp:attachment":[{"href":"https:\/\/finnishbeefcompany.fi\/index.php\/wp-json\/wp\/v2\/media?parent=104"}],"curies":[{"name":"wp","href":"https:\/\/api.w.org\/{rel}","templated":true}]}}