{"id":107,"date":"2026-04-27T16:04:10","date_gmt":"2026-04-27T16:04:10","guid":{"rendered":"https:\/\/finnishbeefcompany.fi\/?page_id=107"},"modified":"2026-04-27T16:04:15","modified_gmt":"2026-04-27T16:04:15","slug":"startsida","status":"publish","type":"page","link":"https:\/\/finnishbeefcompany.fi\/index.php\/startsida\/","title":{"rendered":"Startsida"},"content":{"rendered":"\n<p>Finl\u00e4ndsk k\u00f6p- och s\u00e4ljtj\u00e4nst f\u00f6r k\u00f6ttboskap&nbsp;<\/p>\n\n\n\n<p>FBC:s m\u00e5ls\u00e4ttning \u00e4r att m\u00f6jligg\u00f6ra b\u00e4sta m\u00f6jliga pris f\u00f6r levande n\u00f6tkreatur och n\u00f6tk\u00f6tt \u00e5t sina medlemmar och samarbetsg\u00e5rdar, s\u00e5v\u00e4l nu som i framtiden. FBC arbetar \u00f6ppet f\u00f6r att \u00f6ka v\u00e4rdet och sj\u00e4lvst\u00e4ndigheten inom den finl\u00e4ndska n\u00f6tk\u00f6ttsproduktionen samt det pris producenterna f\u00e5r f\u00f6r sin produktion.&nbsp;<\/p>\n\n\n\n<p>FBC \u00e4r ett f\u00f6retag som \u00e4gs av n\u00f6tk\u00f6ttsproducenterna sj\u00e4lva.<\/p>\n\n\n\n<p>FBC:s m\u00e5l \u00e4r att tillsammans med \u00f6vriga finl\u00e4ndska n\u00f6tk\u00f6ttsproducenter bygga upp ett marknadsalternativ som alla kan kalla sitt eget, d\u00e4r varje n\u00f6tg\u00e5rd har m\u00f6jlighet att f\u00e5 b\u00e4sta m\u00f6jliga pris f\u00f6r sina djur. FBC ans\u00f6ker om godk\u00e4nnande som producentorganisation hos Livsmedelsverket (4\/2026).&nbsp;<\/p>\n\n\n\n<p>FBC:s verksamhetsprincip \u00e4r \u00f6ppenhet n\u00e4r det g\u00e4ller b\u00e5de pris och kvalitet. Genom sin verksamhet vill FBC hj\u00e4lpa producenterna att st\u00e4rka sin egen marknadskompetens samt uppf\u00f6dningen av h\u00f6gkvalitativ boskap.<\/p>\n","protected":false},"excerpt":{"rendered":"<p>Finl\u00e4ndsk k\u00f6p- och s\u00e4ljtj\u00e4nst f\u00f6r k\u00f6ttboskap&nbsp; FBC:s m\u00e5ls\u00e4ttning \u00e4r att m\u00f6jligg\u00f6ra b\u00e4sta m\u00f6jliga pris f\u00f6r levande n\u00f6tkreatur och n\u00f6tk\u00f6tt \u00e5t sina medlemmar och samarbetsg\u00e5rdar, s\u00e5v\u00e4l nu som i framtiden. FBC arbetar \u00f6ppet f\u00f6r att \u00f6ka v\u00e4rdet och sj\u00e4lvst\u00e4ndigheten inom den finl\u00e4ndska n\u00f6tk\u00f6ttsproduktionen samt det pris producenterna f\u00e5r f\u00f6r sin produktion.&nbsp; [&hellip;]<\/p>\n","protected":false},"author":1,"featured_media":0,"parent":0,"menu_order":0,"comment_status":"closed","ping_status":"closed","template":"","meta":{"_themeisle_gutenberg_block_has_review":false,"footnotes":""},"class_list":["post-107","page","type-page","status-publish","hentry"],"jetpack_sharing_enabled":true,"_links":{"self":[{"href":"https:\/\/finnishbeefcompany.fi\/index.php\/wp-json\/wp\/v2\/pages\/107","targetHints":{"allow":["GET"]}}],"collection":[{"href":"https:\/\/finnishbeefcompany.fi\/index.php\/wp-json\/wp\/v2\/pages"}],"about":[{"href":"https:\/\/finnishbeefcompany.fi\/index.php\/wp-json\/wp\/v2\/types\/page"}],"author":[{"embeddable":true,"href":"https:\/\/finnishbeefcompany.fi\/index.php\/wp-json\/wp\/v2\/users\/1"}],"replies":[{"embeddable":true,"href":"https:\/\/finnishbeefcompany.fi\/index.php\/wp-json\/wp\/v2\/comments?post=107"}],"version-history":[{"count":1,"href":"https:\/\/finnishbeefcompany.fi\/index.php\/wp-json\/wp\/v2\/pages\/107\/revisions"}],"predecessor-version":[{"id":108,"href":"https:\/\/finnishbeefcompany.fi\/index.php\/wp-json\/wp\/v2\/pages\/107\/revisions\/108"}],"wp:attachment":[{"href":"https:\/\/finnishbeefcompany.fi\/index.php\/wp-json\/wp\/v2\/media?parent=107"}],"curies":[{"name":"wp","href":"https:\/\/api.w.org\/{rel}","templated":true}]}}