{"id":115,"date":"2026-04-27T16:17:19","date_gmt":"2026-04-27T16:17:19","guid":{"rendered":"https:\/\/finnishbeefcompany.fi\/?page_id=115"},"modified":"2026-04-27T16:17:25","modified_gmt":"2026-04-27T16:17:25","slug":"activites","status":"publish","type":"page","link":"https:\/\/finnishbeefcompany.fi\/index.php\/activites\/","title":{"rendered":"Activit\u00e9s"},"content":{"rendered":"\n<p>Finnish Beef Company (FBC) invite tous les producteurs de viande bovine int\u00e9ress\u00e9s par ses activit\u00e9s \u00e0 prendre part \u00e0 ses formations, \u00e9v\u00e9nements et op\u00e9rations commerciales. FBC s&#8217;attache \u00e0 construire une place de march\u00e9 ouverte, un environnement d&#8217;apprentissage et un r\u00e9seau destin\u00e9s \u00e0 soutenir les producteurs finlandais de viande bovine. L&#8217;objectif de FBC est de garantir aux producteurs la possibilit\u00e9 d&#8217;influer sur le march\u00e9, sur leur propre activit\u00e9 et sur l&#8217;avenir de leur production.&nbsp;<\/p>\n\n\n\n<p>Finnish Beef Company sollicite la reconnaissance en tant qu&#8217;organisation de producteurs (4\/2026). L&#8217;ambition est de b\u00e2tir la premi\u00e8re organisation de producteurs de viande bovine de Finlande, au sein de laquelle la production finlandaise de viande bovine sera d\u00e9velopp\u00e9e de mani\u00e8re durable, du point de vue des producteurs et en tenant compte des besoins et attentes des clients. L&#8217;adh\u00e9sion ou la qualit\u00e9 d&#8217;actionnaire n&#8217;est pas une condition pr\u00e9alable \u00e0 la participation aux activit\u00e9s de FBC.&nbsp;<\/p>\n\n\n\n<p>Une fois le statut d&#8217;organisation de producteurs obtenu, Finnish Beef Company lancera des accords de coop\u00e9ration ainsi qu&#8217;un programme d&#8217;adh\u00e9sion \u00e0 l&#8217;essai, offrant aux producteurs de viande bovine la possibilit\u00e9 de se familiariser avec les activit\u00e9s de l&#8217;entreprise avant d&#8217;envisager une \u00e9ventuelle adh\u00e9sion. Les crit\u00e8res et conditions d\u00e9taill\u00e9s du programme d&#8217;adh\u00e9sion \u00e0 l&#8217;essai et de l&#8217;accord de coop\u00e9ration seront publi\u00e9s dans leur int\u00e9gralit\u00e9 une fois le statut d&#8217;organisation de producteurs approuv\u00e9.&nbsp;<\/p>\n\n\n\n<p>La coop\u00e9ration et l&#8217;adh\u00e9sion \u00e0 l&#8217;essai sont subordonn\u00e9es \u00e0 la disponibilit\u00e9 commerciale de la production bovine : le producteur ne peut \u00eatre tenu par une obligation de livraison de ses bovins \u00e0 un tiers. Finnish Beef Company ne peut commercialiser des bovins soumis \u00e0 une obligation de vente envers une autre partie.<\/p>\n","protected":false},"excerpt":{"rendered":"<p>Finnish Beef Company (FBC) invite tous les producteurs de viande bovine int\u00e9ress\u00e9s par ses activit\u00e9s \u00e0 prendre part \u00e0 ses formations, \u00e9v\u00e9nements et op\u00e9rations commerciales. FBC s&#8217;attache \u00e0 construire une place de march\u00e9 ouverte, un environnement d&#8217;apprentissage et un r\u00e9seau destin\u00e9s \u00e0 soutenir les producteurs finlandais de viande bovine. L&#8217;objectif [&hellip;]<\/p>\n","protected":false},"author":1,"featured_media":0,"parent":0,"menu_order":0,"comment_status":"closed","ping_status":"closed","template":"","meta":{"_themeisle_gutenberg_block_has_review":false,"footnotes":""},"class_list":["post-115","page","type-page","status-publish","hentry"],"jetpack_sharing_enabled":true,"_links":{"self":[{"href":"https:\/\/finnishbeefcompany.fi\/index.php\/wp-json\/wp\/v2\/pages\/115","targetHints":{"allow":["GET"]}}],"collection":[{"href":"https:\/\/finnishbeefcompany.fi\/index.php\/wp-json\/wp\/v2\/pages"}],"about":[{"href":"https:\/\/finnishbeefcompany.fi\/index.php\/wp-json\/wp\/v2\/types\/page"}],"author":[{"embeddable":true,"href":"https:\/\/finnishbeefcompany.fi\/index.php\/wp-json\/wp\/v2\/users\/1"}],"replies":[{"embeddable":true,"href":"https:\/\/finnishbeefcompany.fi\/index.php\/wp-json\/wp\/v2\/comments?post=115"}],"version-history":[{"count":1,"href":"https:\/\/finnishbeefcompany.fi\/index.php\/wp-json\/wp\/v2\/pages\/115\/revisions"}],"predecessor-version":[{"id":116,"href":"https:\/\/finnishbeefcompany.fi\/index.php\/wp-json\/wp\/v2\/pages\/115\/revisions\/116"}],"wp:attachment":[{"href":"https:\/\/finnishbeefcompany.fi\/index.php\/wp-json\/wp\/v2\/media?parent=115"}],"curies":[{"name":"wp","href":"https:\/\/api.w.org\/{rel}","templated":true}]}}