{"id":118,"date":"2026-04-27T16:20:56","date_gmt":"2026-04-27T16:20:56","guid":{"rendered":"https:\/\/finnishbeefcompany.fi\/?page_id=118"},"modified":"2026-04-27T16:21:01","modified_gmt":"2026-04-27T16:21:01","slug":"verksamhet","status":"publish","type":"page","link":"https:\/\/finnishbeefcompany.fi\/index.php\/verksamhet\/","title":{"rendered":"Verksamhet"},"content":{"rendered":"\n<p>Finnish Beef Company (FBC) v\u00e4lkomnar alla n\u00f6tk\u00f6ttsproducenter som \u00e4r intresserade av verksamheten att delta i utbildningar, evenemang och handel. FBC arbetar f\u00f6r att bygga upp en \u00f6ppen handelsplats, en l\u00e4rmilj\u00f6 och ett n\u00e4tverk som st\u00f6der de finl\u00e4ndska n\u00f6tk\u00f6ttsproducenterna. FBC:s m\u00e5ls\u00e4ttning \u00e4r att s\u00e4kerst\u00e4lla n\u00f6tk\u00f6ttsproducenternas m\u00f6jlighet att p\u00e5verka marknaden, sin egen verksamhet och framtiden f\u00f6r sin produktion.&nbsp;<\/p>\n\n\n\n<p>Finnish Beef Company Oy ans\u00f6ker f\u00f6r n\u00e4rvarande om godk\u00e4nnande som producentorganisation (4\/2026). M\u00e5let \u00e4r att bygga upp Finlands f\u00f6rsta producentorganisation f\u00f6r n\u00f6tk\u00f6ttsproducenter, d\u00e4r den finl\u00e4ndska n\u00f6tk\u00f6ttsproduktionen utvecklas p\u00e5 ett h\u00e5llbart s\u00e4tt utifr\u00e5n producenternas perspektiv och med beaktande av kundernas behov och \u00f6nskem\u00e5l.&nbsp;<\/p>\n\n\n\n<p>Medlemskap eller \u00e4garskap \u00e4r ingen f\u00f6ruts\u00e4ttning f\u00f6r att delta i verksamheten. N\u00e4r Finnish Beef Company har erh\u00e5llit status som producentorganisation \u00f6ppnar bolaget samarbetsavtal samt ett provmedlemsprogram, vilka erbjuder n\u00f6tk\u00f6ttsproducenterna m\u00f6jlighet att bekanta sig med f\u00f6retagets verksamhet innan de eventuellt ans\u00f6ker om medlemskap.&nbsp;<\/p>\n\n\n\n<p>De n\u00e4rmare kriterierna och villkoren f\u00f6r provmedlemsprogrammet och samarbetsavtalet publiceras i sin helhet n\u00e4r producentorganisationsstatusen har godk\u00e4nts. En f\u00f6ruts\u00e4ttning f\u00f6r samarbete och provmedlemskap \u00e4r att n\u00f6tk\u00f6ttsproduktionen \u00e4r tillg\u00e4nglig f\u00f6r handel, det vill s\u00e4ga att producenten inte f\u00e5r vara bunden av en skyldighet att leverera sina n\u00f6tkreatur till n\u00e5gon annan part. Finnish Beef Company kan inte bedriva handel med n\u00f6tkreatur som omfattas av en f\u00f6rs\u00e4ljningsskyldighet gentemot en annan part.<\/p>\n","protected":false},"excerpt":{"rendered":"<p>Finnish Beef Company (FBC) v\u00e4lkomnar alla n\u00f6tk\u00f6ttsproducenter som \u00e4r intresserade av verksamheten att delta i utbildningar, evenemang och handel. FBC arbetar f\u00f6r att bygga upp en \u00f6ppen handelsplats, en l\u00e4rmilj\u00f6 och ett n\u00e4tverk som st\u00f6der de finl\u00e4ndska n\u00f6tk\u00f6ttsproducenterna. FBC:s m\u00e5ls\u00e4ttning \u00e4r att s\u00e4kerst\u00e4lla n\u00f6tk\u00f6ttsproducenternas m\u00f6jlighet att p\u00e5verka marknaden, sin egen [&hellip;]<\/p>\n","protected":false},"author":1,"featured_media":0,"parent":0,"menu_order":0,"comment_status":"closed","ping_status":"closed","template":"","meta":{"_themeisle_gutenberg_block_has_review":false,"footnotes":""},"class_list":["post-118","page","type-page","status-publish","hentry"],"jetpack_sharing_enabled":true,"_links":{"self":[{"href":"https:\/\/finnishbeefcompany.fi\/index.php\/wp-json\/wp\/v2\/pages\/118","targetHints":{"allow":["GET"]}}],"collection":[{"href":"https:\/\/finnishbeefcompany.fi\/index.php\/wp-json\/wp\/v2\/pages"}],"about":[{"href":"https:\/\/finnishbeefcompany.fi\/index.php\/wp-json\/wp\/v2\/types\/page"}],"author":[{"embeddable":true,"href":"https:\/\/finnishbeefcompany.fi\/index.php\/wp-json\/wp\/v2\/users\/1"}],"replies":[{"embeddable":true,"href":"https:\/\/finnishbeefcompany.fi\/index.php\/wp-json\/wp\/v2\/comments?post=118"}],"version-history":[{"count":1,"href":"https:\/\/finnishbeefcompany.fi\/index.php\/wp-json\/wp\/v2\/pages\/118\/revisions"}],"predecessor-version":[{"id":119,"href":"https:\/\/finnishbeefcompany.fi\/index.php\/wp-json\/wp\/v2\/pages\/118\/revisions\/119"}],"wp:attachment":[{"href":"https:\/\/finnishbeefcompany.fi\/index.php\/wp-json\/wp\/v2\/media?parent=118"}],"curies":[{"name":"wp","href":"https:\/\/api.w.org\/{rel}","templated":true}]}}