{"id":130,"date":"2026-04-27T16:46:00","date_gmt":"2026-04-27T16:46:00","guid":{"rendered":"https:\/\/finnishbeefcompany.fi\/?page_id=130"},"modified":"2026-04-27T16:46:09","modified_gmt":"2026-04-27T16:46:09","slug":"djurhandel","status":"publish","type":"page","link":"https:\/\/finnishbeefcompany.fi\/index.php\/djurhandel\/","title":{"rendered":"Djurhandel"},"content":{"rendered":"\n<p>Finnish Beef Company Oy (FBC) bedriver producentdriven djurhandel med finl\u00e4ndska kalvar av k\u00f6ttras, unga slakt- och avelsdjur samt kor. I sin djurhandel f\u00f6ljer FBC de kvalitetskrav f\u00f6r n\u00f6tkreatur av k\u00f6ttras som \u00e4garna har fastst\u00e4llt samt principerna f\u00f6r ansvarsfull djurhandel.<\/p>\n\n\n\n<p><strong>F\u00f6rs\u00e4ljning av djur via FBC:<\/strong><br>FBC s\u00f6ker b\u00e4sta m\u00f6jliga pris f\u00f6r \u00e4garnas och samarbetsg\u00e5rdarnas djur, antingen direkt fr\u00e5n k\u00f6pare eller via auktion. M\u00e5let \u00e4r ett l\u00e5ngsiktigt samarbete mellan FBC och g\u00e5rdarna. Samarbetet formaliseras genom ett samarbetsavtal, som i f\u00f6rsta hand \u00e4r l\u00e5ngsiktigt men kan omfatta endast ett enskilt djurparti. Detta beslut fattas av n\u00f6tk\u00f6ttsproducenten sj\u00e4lv.<br><strong>Mer information och f\u00f6rs\u00e4ljning:<\/strong> info@finnishbeefcompany.fi<\/p>\n\n\n\n<p><strong>Inl\u00e4mnande av k\u00f6panbud till FBC:<\/strong><br>FBC utf\u00f6r \u00e4ven uppdrag f\u00f6r k\u00f6pares r\u00e4kning och s\u00f6ker p\u00e5 den finl\u00e4ndska marknaden djur som motsvarar k\u00f6parens anbud.<br><strong>Mer information och k\u00f6panbud:<\/strong> info@finnishbeefcompany.fi<\/p>\n\n\n\n<p><strong>Allm\u00e4nna handelsvillkor:<\/strong><br>Vid handel och i dess villkor till\u00e4mpas de villkor som Finnish Beef Company har fastst\u00e4llt f\u00f6r sin handelsverksamhet, vilka s\u00e4ljaren f\u00f6rbinder sig att f\u00f6lja genom undertecknandet av samarbetsavtalet och k\u00f6paren genom att l\u00e4mna ett anbud.<\/p>\n","protected":false},"excerpt":{"rendered":"<p>Finnish Beef Company Oy (FBC) bedriver producentdriven djurhandel med finl\u00e4ndska kalvar av k\u00f6ttras, unga slakt- och avelsdjur samt kor. I sin djurhandel f\u00f6ljer FBC de kvalitetskrav f\u00f6r n\u00f6tkreatur av k\u00f6ttras som \u00e4garna har fastst\u00e4llt samt principerna f\u00f6r ansvarsfull djurhandel. F\u00f6rs\u00e4ljning av djur via FBC:FBC s\u00f6ker b\u00e4sta m\u00f6jliga pris f\u00f6r \u00e4garnas [&hellip;]<\/p>\n","protected":false},"author":1,"featured_media":0,"parent":0,"menu_order":0,"comment_status":"closed","ping_status":"closed","template":"","meta":{"_themeisle_gutenberg_block_has_review":false,"footnotes":""},"class_list":["post-130","page","type-page","status-publish","hentry"],"jetpack_sharing_enabled":true,"_links":{"self":[{"href":"https:\/\/finnishbeefcompany.fi\/index.php\/wp-json\/wp\/v2\/pages\/130","targetHints":{"allow":["GET"]}}],"collection":[{"href":"https:\/\/finnishbeefcompany.fi\/index.php\/wp-json\/wp\/v2\/pages"}],"about":[{"href":"https:\/\/finnishbeefcompany.fi\/index.php\/wp-json\/wp\/v2\/types\/page"}],"author":[{"embeddable":true,"href":"https:\/\/finnishbeefcompany.fi\/index.php\/wp-json\/wp\/v2\/users\/1"}],"replies":[{"embeddable":true,"href":"https:\/\/finnishbeefcompany.fi\/index.php\/wp-json\/wp\/v2\/comments?post=130"}],"version-history":[{"count":1,"href":"https:\/\/finnishbeefcompany.fi\/index.php\/wp-json\/wp\/v2\/pages\/130\/revisions"}],"predecessor-version":[{"id":132,"href":"https:\/\/finnishbeefcompany.fi\/index.php\/wp-json\/wp\/v2\/pages\/130\/revisions\/132"}],"wp:attachment":[{"href":"https:\/\/finnishbeefcompany.fi\/index.php\/wp-json\/wp\/v2\/media?parent=130"}],"curies":[{"name":"wp","href":"https:\/\/api.w.org\/{rel}","templated":true}]}}