{"id":150,"date":"2026-04-27T17:36:17","date_gmt":"2026-04-27T17:36:17","guid":{"rendered":"https:\/\/finnishbeefcompany.fi\/?page_id=150"},"modified":"2026-04-27T17:36:21","modified_gmt":"2026-04-27T17:36:21","slug":"vienti","status":"publish","type":"page","link":"https:\/\/finnishbeefcompany.fi\/index.php\/vienti\/","title":{"rendered":"Vienti"},"content":{"rendered":"\n<p>Vienti ja markkinaosuuden kasvattaminen Suomen rajojen ulkopuolelle on<br>tapa osallistua avoimeen markkinaan ja toimia sen ehdoilla. Finnish Beef<br>Company etsii aktiivisesti uusia kauppakumppaneita koko Euroopan<br>alueelta, jotta suomalainen nauta ja naudanliha l\u00f6yt\u00e4v\u00e4t markkinasta<br>parhaan mahdollisen hinnan.<\/p>\n","protected":false},"excerpt":{"rendered":"<p>Vienti ja markkinaosuuden kasvattaminen Suomen rajojen ulkopuolelle ontapa osallistua avoimeen markkinaan ja toimia sen ehdoilla. Finnish BeefCompany etsii aktiivisesti uusia kauppakumppaneita koko Euroopanalueelta, jotta suomalainen nauta ja naudanliha l\u00f6yt\u00e4v\u00e4t markkinastaparhaan mahdollisen hinnan.<\/p>\n","protected":false},"author":1,"featured_media":0,"parent":0,"menu_order":0,"comment_status":"closed","ping_status":"closed","template":"","meta":{"_themeisle_gutenberg_block_has_review":false,"footnotes":""},"class_list":["post-150","page","type-page","status-publish","hentry"],"jetpack_sharing_enabled":true,"_links":{"self":[{"href":"https:\/\/finnishbeefcompany.fi\/index.php\/wp-json\/wp\/v2\/pages\/150","targetHints":{"allow":["GET"]}}],"collection":[{"href":"https:\/\/finnishbeefcompany.fi\/index.php\/wp-json\/wp\/v2\/pages"}],"about":[{"href":"https:\/\/finnishbeefcompany.fi\/index.php\/wp-json\/wp\/v2\/types\/page"}],"author":[{"embeddable":true,"href":"https:\/\/finnishbeefcompany.fi\/index.php\/wp-json\/wp\/v2\/users\/1"}],"replies":[{"embeddable":true,"href":"https:\/\/finnishbeefcompany.fi\/index.php\/wp-json\/wp\/v2\/comments?post=150"}],"version-history":[{"count":1,"href":"https:\/\/finnishbeefcompany.fi\/index.php\/wp-json\/wp\/v2\/pages\/150\/revisions"}],"predecessor-version":[{"id":151,"href":"https:\/\/finnishbeefcompany.fi\/index.php\/wp-json\/wp\/v2\/pages\/150\/revisions\/151"}],"wp:attachment":[{"href":"https:\/\/finnishbeefcompany.fi\/index.php\/wp-json\/wp\/v2\/media?parent=150"}],"curies":[{"name":"wp","href":"https:\/\/api.w.org\/{rel}","templated":true}]}}