{"id":158,"date":"2026-04-27T17:47:14","date_gmt":"2026-04-27T17:47:14","guid":{"rendered":"https:\/\/finnishbeefcompany.fi\/?page_id=158"},"modified":"2026-04-27T17:47:20","modified_gmt":"2026-04-27T17:47:20","slug":"exportation","status":"publish","type":"page","link":"https:\/\/finnishbeefcompany.fi\/index.php\/exportation\/","title":{"rendered":"Exportation"},"content":{"rendered":"\n<p>L&#8217;exportation et la conqu\u00eate de parts de march\u00e9 au-del\u00e0 des fronti\u00e8res finlandaises constituent un moyen de participer au march\u00e9 ouvert et d&#8217;en accepter les r\u00e8gles. Finnish Beef Company recherche activement de nouveaux partenaires commerciaux dans toute l&#8217;Europe, afin que les bovins et la viande bovine finlandais puissent obtenir le meilleur prix possible sur le march\u00e9.<\/p>\n","protected":false},"excerpt":{"rendered":"<p>L&#8217;exportation et la conqu\u00eate de parts de march\u00e9 au-del\u00e0 des fronti\u00e8res finlandaises constituent un moyen de participer au march\u00e9 ouvert et d&#8217;en accepter les r\u00e8gles. Finnish Beef Company recherche activement de nouveaux partenaires commerciaux dans toute l&#8217;Europe, afin que les bovins et la viande bovine finlandais puissent obtenir le meilleur [&hellip;]<\/p>\n","protected":false},"author":1,"featured_media":0,"parent":0,"menu_order":0,"comment_status":"closed","ping_status":"closed","template":"","meta":{"_themeisle_gutenberg_block_has_review":false,"footnotes":""},"class_list":["post-158","page","type-page","status-publish","hentry"],"jetpack_sharing_enabled":true,"_links":{"self":[{"href":"https:\/\/finnishbeefcompany.fi\/index.php\/wp-json\/wp\/v2\/pages\/158","targetHints":{"allow":["GET"]}}],"collection":[{"href":"https:\/\/finnishbeefcompany.fi\/index.php\/wp-json\/wp\/v2\/pages"}],"about":[{"href":"https:\/\/finnishbeefcompany.fi\/index.php\/wp-json\/wp\/v2\/types\/page"}],"author":[{"embeddable":true,"href":"https:\/\/finnishbeefcompany.fi\/index.php\/wp-json\/wp\/v2\/users\/1"}],"replies":[{"embeddable":true,"href":"https:\/\/finnishbeefcompany.fi\/index.php\/wp-json\/wp\/v2\/comments?post=158"}],"version-history":[{"count":1,"href":"https:\/\/finnishbeefcompany.fi\/index.php\/wp-json\/wp\/v2\/pages\/158\/revisions"}],"predecessor-version":[{"id":159,"href":"https:\/\/finnishbeefcompany.fi\/index.php\/wp-json\/wp\/v2\/pages\/158\/revisions\/159"}],"wp:attachment":[{"href":"https:\/\/finnishbeefcompany.fi\/index.php\/wp-json\/wp\/v2\/media?parent=158"}],"curies":[{"name":"wp","href":"https:\/\/api.w.org\/{rel}","templated":true}]}}