{"id":160,"date":"2026-04-27T17:48:11","date_gmt":"2026-04-27T17:48:11","guid":{"rendered":"https:\/\/finnishbeefcompany.fi\/?page_id=160"},"modified":"2026-04-27T17:48:51","modified_gmt":"2026-04-27T17:48:51","slug":"export","status":"publish","type":"page","link":"https:\/\/finnishbeefcompany.fi\/index.php\/export\/","title":{"rendered":"Export"},"content":{"rendered":"\n<p>Export och utvidgning av marknadsandelen utanf\u00f6r Finlands gr\u00e4nser \u00e4r ett s\u00e4tt att delta i den \u00f6ppna marknaden och verka p\u00e5 dess villkor. Finnish Beef Company s\u00f6ker aktivt nya handelspartner i hela Europa, s\u00e5 att finl\u00e4ndska n\u00f6tkreatur och finl\u00e4ndskt n\u00f6tk\u00f6tt kan f\u00e5 b\u00e4sta m\u00f6jliga pris p\u00e5 marknaden.<\/p>\n\n\n\n<p><\/p>\n","protected":false},"excerpt":{"rendered":"<p>Export och utvidgning av marknadsandelen utanf\u00f6r Finlands gr\u00e4nser \u00e4r ett s\u00e4tt att delta i den \u00f6ppna marknaden och verka p\u00e5 dess villkor. Finnish Beef Company s\u00f6ker aktivt nya handelspartner i hela Europa, s\u00e5 att finl\u00e4ndska n\u00f6tkreatur och finl\u00e4ndskt n\u00f6tk\u00f6tt kan f\u00e5 b\u00e4sta m\u00f6jliga pris p\u00e5 marknaden.<\/p>\n","protected":false},"author":1,"featured_media":0,"parent":0,"menu_order":0,"comment_status":"closed","ping_status":"closed","template":"","meta":{"_themeisle_gutenberg_block_has_review":false,"footnotes":""},"class_list":["post-160","page","type-page","status-publish","hentry"],"jetpack_sharing_enabled":true,"_links":{"self":[{"href":"https:\/\/finnishbeefcompany.fi\/index.php\/wp-json\/wp\/v2\/pages\/160","targetHints":{"allow":["GET"]}}],"collection":[{"href":"https:\/\/finnishbeefcompany.fi\/index.php\/wp-json\/wp\/v2\/pages"}],"about":[{"href":"https:\/\/finnishbeefcompany.fi\/index.php\/wp-json\/wp\/v2\/types\/page"}],"author":[{"embeddable":true,"href":"https:\/\/finnishbeefcompany.fi\/index.php\/wp-json\/wp\/v2\/users\/1"}],"replies":[{"embeddable":true,"href":"https:\/\/finnishbeefcompany.fi\/index.php\/wp-json\/wp\/v2\/comments?post=160"}],"version-history":[{"count":2,"href":"https:\/\/finnishbeefcompany.fi\/index.php\/wp-json\/wp\/v2\/pages\/160\/revisions"}],"predecessor-version":[{"id":162,"href":"https:\/\/finnishbeefcompany.fi\/index.php\/wp-json\/wp\/v2\/pages\/160\/revisions\/162"}],"wp:attachment":[{"href":"https:\/\/finnishbeefcompany.fi\/index.php\/wp-json\/wp\/v2\/media?parent=160"}],"curies":[{"name":"wp","href":"https:\/\/api.w.org\/{rel}","templated":true}]}}