{"id":21,"date":"2026-04-10T11:44:21","date_gmt":"2026-04-10T11:44:21","guid":{"rendered":"https:\/\/finnishbeefcompany.fi\/?page_id=21"},"modified":"2026-04-27T18:47:39","modified_gmt":"2026-04-27T18:47:39","slug":"finnish-beef-company","status":"publish","type":"page","link":"https:\/\/finnishbeefcompany.fi\/index.php\/finnish-beef-company\/","title":{"rendered":"Finnish Beef Company Oy"},"content":{"rendered":"\n<p>Finnish Beef Company on suomalaisten naudanlihantuottajien vuonna 2026 perustama kotiel\u00e4intaloutta palveleva yritys, jonka tavoitteena on edesauttaa naudanlihantuottajien markkina osaamista sek\u00e4 tarjota pihvikarjan tuottajille avoin markkinaehtoinen myyntipaikka pihvikarjan ja -lihan myyntiin sek\u00e4 ostamiseen. Yrityksen on tarkoitus kasvattaa j\u00e4sentens\u00e4 ja yhteisty\u00f6kumppani tilojensa neuvotteluvoimaa avoimen kaupank\u00e4ynnin sek\u00e4 markkinatiedon lis\u00e4\u00e4misen avulla.&nbsp; Finnish Beef Companyn tavoitteena on my\u00f6s parantaa liha-alan imagoa sek\u00e4 edist\u00e4\u00e4 vastuullista tuotantoa.<\/p>\n\n\n\n<p>Yritys hakee tuottajaorganisaatio -statuksen hyv\u00e4ksymist\u00e4 (4\/2026). <\/p>\n\n\n\n<p><\/p>\n\n\n\n<p><strong>Hallitus:<\/strong><\/p>\n\n\n\n<p>Juha Lehto, puheenjohtaja<\/p>\n\n\n\n<p>Iiris Herlin, varapuheenjohtaja<\/p>\n\n\n\n<p>Aku L\u00e4nninki<\/p>\n\n\n\n<p>Risto Salminen<\/p>\n\n\n\n<p><br><\/p>\n\n\n\n<p><\/p>\n","protected":false},"excerpt":{"rendered":"<p>Finnish Beef Company on suomalaisten naudanlihantuottajien vuonna 2026 perustama kotiel\u00e4intaloutta palveleva yritys, jonka tavoitteena on edesauttaa naudanlihantuottajien markkina osaamista sek\u00e4 tarjota pihvikarjan tuottajille avoin markkinaehtoinen myyntipaikka pihvikarjan ja -lihan myyntiin sek\u00e4 ostamiseen. Yrityksen on tarkoitus kasvattaa j\u00e4sentens\u00e4 ja yhteisty\u00f6kumppani tilojensa neuvotteluvoimaa avoimen kaupank\u00e4ynnin sek\u00e4 markkinatiedon lis\u00e4\u00e4misen avulla.&nbsp; Finnish Beef Companyn [&hellip;]<\/p>\n","protected":false},"author":1,"featured_media":0,"parent":0,"menu_order":0,"comment_status":"closed","ping_status":"closed","template":"","meta":{"_themeisle_gutenberg_block_has_review":false,"footnotes":""},"class_list":["post-21","page","type-page","status-publish","hentry"],"jetpack_sharing_enabled":true,"_links":{"self":[{"href":"https:\/\/finnishbeefcompany.fi\/index.php\/wp-json\/wp\/v2\/pages\/21","targetHints":{"allow":["GET"]}}],"collection":[{"href":"https:\/\/finnishbeefcompany.fi\/index.php\/wp-json\/wp\/v2\/pages"}],"about":[{"href":"https:\/\/finnishbeefcompany.fi\/index.php\/wp-json\/wp\/v2\/types\/page"}],"author":[{"embeddable":true,"href":"https:\/\/finnishbeefcompany.fi\/index.php\/wp-json\/wp\/v2\/users\/1"}],"replies":[{"embeddable":true,"href":"https:\/\/finnishbeefcompany.fi\/index.php\/wp-json\/wp\/v2\/comments?post=21"}],"version-history":[{"count":8,"href":"https:\/\/finnishbeefcompany.fi\/index.php\/wp-json\/wp\/v2\/pages\/21\/revisions"}],"predecessor-version":[{"id":194,"href":"https:\/\/finnishbeefcompany.fi\/index.php\/wp-json\/wp\/v2\/pages\/21\/revisions\/194"}],"wp:attachment":[{"href":"https:\/\/finnishbeefcompany.fi\/index.php\/wp-json\/wp\/v2\/media?parent=21"}],"curies":[{"name":"wp","href":"https:\/\/api.w.org\/{rel}","templated":true}]}}