{"id":255,"date":"2026-05-04T15:48:15","date_gmt":"2026-05-04T15:48:15","guid":{"rendered":"https:\/\/finnishbeefcompany.fi\/?page_id=255"},"modified":"2026-05-08T10:46:03","modified_gmt":"2026-05-08T10:46:03","slug":"tuottajille","status":"publish","type":"page","link":"https:\/\/finnishbeefcompany.fi\/index.php\/tuottajille\/","title":{"rendered":"Tuottajille"},"content":{"rendered":"\n<p>Finnish Beef Companyn omistaa suomalaiset naudanlihantuottajat. Meid\u00e4n omistajien tavoitteena on tilojen ty\u00f6n ja tuotannon arvon parantaminen sek\u00e4 yritt\u00e4j\u00e4n riippumattomuuden lis\u00e4\u00e4minen ketjun muista toimijoista. Tiloilla on oltava mahdollisuus kehitt\u00e4\u00e4 omaa toimintaansa nyt ja tulevaisuudessa tuleville sukupolville itsen\u00e4isesti tilallisten n\u00e4k\u00f6kulmasta. FBC on syntynyt naudanlihantuottajien yhteisen p\u00e4\u00e4m\u00e4\u00e4r\u00e4n; markkina- ja toimintavapauden vuoksi. Me perustajat ja yrityksen omistajat haluamme, ett\u00e4 suomalainen naudanlihantuotanto perustuu tuottajien omiin p\u00e4\u00e4t\u00f6ksiin, mahdollisuuksiin kehitt\u00e4\u00e4 tilan toimintaa ja mahdollisuuteen rakentaa kest\u00e4v\u00e4 markkina suomalaisille naudoille ja naudanlihalle. <\/p>\n\n\n\n<p>Meid\u00e4n n\u00e4k\u00f6kulmastamme alkutuotannon rakenne on kest\u00e4m\u00e4t\u00f6n, ja sen sitoutunein lenkki on ajettu rappeuttavan ahtaalle. T\u00e4t\u00e4 asiaa me haluamme olla muuttamassa muiden suomalaisten naudanlihantuottajien kanssa. <\/p>\n\n\n\n<p>Me haluamme rakentaa yhdess\u00e4 muiden naudanlihantuottajien kanssa kest\u00e4v\u00e4t, tulevaisuuteen kantavat yritt\u00e4j\u00e4ty\u00f6kalutnaudanlihantuottajille tuotannosta markkinavaikuttamiseen asti. Samaan aikaan me haluamme rakentaa meid\u00e4n tuottajien yrityspohjaisen yhteis\u00f6n, jossa voimme etsi\u00e4 meille sopivia kumppaneita, ratkaista tulevaisuuden haasteita ja sek\u00e4 jakaa onnistumisia ja ep\u00e4onnistumisia. <\/p>\n\n\n\n<p>Kaikki ei siis suinkaan ole viel\u00e4 valmista, mutta hyv\u00e4 naudanlihantuottaja, tule meid\u00e4n kanssamme rakentamaan yhteist\u00e4 tulevaisuutta, jotta meill\u00e4 on jotain, mit\u00e4 j\u00e4tt\u00e4\u00e4 seuraavillekin sukupolville. Rakennetaan yhdess\u00e4 toimiva markkinavoima, parannetaan tuottavuutta sek\u00e4 karjaamme ja tehd\u00e4\u00e4n Suomesta laadukkaan naudanlihan tuotennon tunnettu ykk\u00f6nen. <\/p>\n\n\n\n<figure class=\"wp-block-image size-large\"><img loading=\"lazy\" decoding=\"async\" width=\"1024\" height=\"576\" src=\"https:\/\/finnishbeefcompany.fi\/wp-content\/uploads\/2026\/05\/FB_IMG_1698729707620-edited-1024x576.jpg\" alt=\"\" class=\"wp-image-250\" srcset=\"https:\/\/finnishbeefcompany.fi\/wp-content\/uploads\/2026\/05\/FB_IMG_1698729707620-edited-1024x576.jpg 1024w, https:\/\/finnishbeefcompany.fi\/wp-content\/uploads\/2026\/05\/FB_IMG_1698729707620-edited-300x169.jpg 300w, https:\/\/finnishbeefcompany.fi\/wp-content\/uploads\/2026\/05\/FB_IMG_1698729707620-edited-768x432.jpg 768w, https:\/\/finnishbeefcompany.fi\/wp-content\/uploads\/2026\/05\/FB_IMG_1698729707620-edited-600x337.jpg 600w, https:\/\/finnishbeefcompany.fi\/wp-content\/uploads\/2026\/05\/FB_IMG_1698729707620-edited.jpg 1080w\" sizes=\"auto, (max-width: 1024px) 100vw, 1024px\" \/><\/figure>\n","protected":false},"excerpt":{"rendered":"<p>Finnish Beef Companyn omistaa suomalaiset naudanlihantuottajat. Meid\u00e4n omistajien tavoitteena on tilojen ty\u00f6n ja tuotannon arvon parantaminen sek\u00e4 yritt\u00e4j\u00e4n riippumattomuuden lis\u00e4\u00e4minen ketjun muista toimijoista. Tiloilla on oltava mahdollisuus kehitt\u00e4\u00e4 omaa toimintaansa nyt ja tulevaisuudessa tuleville sukupolville itsen\u00e4isesti tilallisten n\u00e4k\u00f6kulmasta. FBC on syntynyt naudanlihantuottajien yhteisen p\u00e4\u00e4m\u00e4\u00e4r\u00e4n; markkina- ja toimintavapauden vuoksi. Me perustajat [&hellip;]<\/p>\n","protected":false},"author":1,"featured_media":0,"parent":0,"menu_order":0,"comment_status":"closed","ping_status":"closed","template":"","meta":{"_themeisle_gutenberg_block_has_review":false,"footnotes":""},"class_list":["post-255","page","type-page","status-publish","hentry"],"jetpack_sharing_enabled":true,"_links":{"self":[{"href":"https:\/\/finnishbeefcompany.fi\/index.php\/wp-json\/wp\/v2\/pages\/255","targetHints":{"allow":["GET"]}}],"collection":[{"href":"https:\/\/finnishbeefcompany.fi\/index.php\/wp-json\/wp\/v2\/pages"}],"about":[{"href":"https:\/\/finnishbeefcompany.fi\/index.php\/wp-json\/wp\/v2\/types\/page"}],"author":[{"embeddable":true,"href":"https:\/\/finnishbeefcompany.fi\/index.php\/wp-json\/wp\/v2\/users\/1"}],"replies":[{"embeddable":true,"href":"https:\/\/finnishbeefcompany.fi\/index.php\/wp-json\/wp\/v2\/comments?post=255"}],"version-history":[{"count":2,"href":"https:\/\/finnishbeefcompany.fi\/index.php\/wp-json\/wp\/v2\/pages\/255\/revisions"}],"predecessor-version":[{"id":259,"href":"https:\/\/finnishbeefcompany.fi\/index.php\/wp-json\/wp\/v2\/pages\/255\/revisions\/259"}],"wp:attachment":[{"href":"https:\/\/finnishbeefcompany.fi\/index.php\/wp-json\/wp\/v2\/media?parent=255"}],"curies":[{"name":"wp","href":"https:\/\/api.w.org\/{rel}","templated":true}]}}