{"id":271,"date":"2026-05-05T16:55:35","date_gmt":"2026-05-05T16:55:35","guid":{"rendered":"https:\/\/finnishbeefcompany.fi\/?page_id=271"},"modified":"2026-05-05T16:55:45","modified_gmt":"2026-05-05T16:55:45","slug":"strona-glowna","status":"publish","type":"page","link":"https:\/\/finnishbeefcompany.fi\/index.php\/strona-glowna\/","title":{"rendered":"Strona g\u0142\u00f3wna"},"content":{"rendered":"\n<p>Platforma sprzeda\u017cy i zakupu fi\u0144skiego byd\u0142a mi\u0119snego<br>Finnish Beef Company zapewnia cz\u0142onkom oraz hodowcom wsp\u00f3\u0142pracuj\u0105cym sprzeda\u017c i zakup \u017cywego byd\u0142a oraz wo\u0142owiny w modelu bezpo\u015brednim (sprzedaj\u0105cy\u2013kupuj\u0105cy) oraz poprzez aukcje. FBC stosuje przejrzyste zasady dotycz\u0105ce ceny i jako\u015bci oraz udost\u0119pnia producentom informacje wspieraj\u0105ce podejmowanie decyzji sprzeda\u017cowych.<\/p>\n\n\n\n<p>Finnish Beef Company Oy (FBC) to sp\u00f3\u0142ka nale\u017c\u0105ca do producent\u00f3w wo\u0142owiny. FBC organizuje obr\u00f3t rynkowy tak, aby ka\u017cdy hodowca byd\u0142a m\u00f3g\u0142 sprzedawa\u0107 zwierz\u0119ta po najlepszej mo\u017cliwej cenie wynikaj\u0105cej z popytu oraz parametr\u00f3w jako\u015bci. FBC z\u0142o\u017cy\u0142o wniosek do Ruokavirasto o zatwierdzenie statusu \u201eorganizacji producent\u00f3w\u201d (04\/2026).<\/p>\n\n\n\n<p>FBC publikuje wymagania jako\u015bciowe dla zwierz\u0105t oraz zasady handlu, a tak\u017ce prowadzi dzia\u0142ania informacyjne dla producent\u00f3w w zakresie rynku i hodowli byd\u0142a mi\u0119snego.<\/p>\n","protected":false},"excerpt":{"rendered":"<p>Platforma sprzeda\u017cy i zakupu fi\u0144skiego byd\u0142a mi\u0119snegoFinnish Beef Company zapewnia cz\u0142onkom oraz hodowcom wsp\u00f3\u0142pracuj\u0105cym sprzeda\u017c i zakup \u017cywego byd\u0142a oraz wo\u0142owiny w modelu bezpo\u015brednim (sprzedaj\u0105cy\u2013kupuj\u0105cy) oraz poprzez aukcje. FBC stosuje przejrzyste zasady dotycz\u0105ce ceny i jako\u015bci oraz udost\u0119pnia producentom informacje wspieraj\u0105ce podejmowanie decyzji sprzeda\u017cowych. Finnish Beef Company Oy (FBC) to [&hellip;]<\/p>\n","protected":false},"author":1,"featured_media":0,"parent":0,"menu_order":0,"comment_status":"closed","ping_status":"closed","template":"","meta":{"_themeisle_gutenberg_block_has_review":false,"footnotes":""},"class_list":["post-271","page","type-page","status-publish","hentry"],"jetpack_sharing_enabled":true,"_links":{"self":[{"href":"https:\/\/finnishbeefcompany.fi\/index.php\/wp-json\/wp\/v2\/pages\/271","targetHints":{"allow":["GET"]}}],"collection":[{"href":"https:\/\/finnishbeefcompany.fi\/index.php\/wp-json\/wp\/v2\/pages"}],"about":[{"href":"https:\/\/finnishbeefcompany.fi\/index.php\/wp-json\/wp\/v2\/types\/page"}],"author":[{"embeddable":true,"href":"https:\/\/finnishbeefcompany.fi\/index.php\/wp-json\/wp\/v2\/users\/1"}],"replies":[{"embeddable":true,"href":"https:\/\/finnishbeefcompany.fi\/index.php\/wp-json\/wp\/v2\/comments?post=271"}],"version-history":[{"count":1,"href":"https:\/\/finnishbeefcompany.fi\/index.php\/wp-json\/wp\/v2\/pages\/271\/revisions"}],"predecessor-version":[{"id":272,"href":"https:\/\/finnishbeefcompany.fi\/index.php\/wp-json\/wp\/v2\/pages\/271\/revisions\/272"}],"wp:attachment":[{"href":"https:\/\/finnishbeefcompany.fi\/index.php\/wp-json\/wp\/v2\/media?parent=271"}],"curies":[{"name":"wp","href":"https:\/\/api.w.org\/{rel}","templated":true}]}}