{"id":274,"date":"2026-05-06T14:23:02","date_gmt":"2026-05-06T14:23:02","guid":{"rendered":"https:\/\/finnishbeefcompany.fi\/?page_id=274"},"modified":"2026-05-06T14:23:10","modified_gmt":"2026-05-06T14:23:10","slug":"dzialalnosc","status":"publish","type":"page","link":"https:\/\/finnishbeefcompany.fi\/index.php\/dzialalnosc\/","title":{"rendered":"Dzia\u0142alno\u015b\u0107"},"content":{"rendered":"\n<p><br>Finnish Beef Company (FBC) organizuje szkolenia i wydarzenia bran\u017cowe oraz prowadzi handel. FBC udost\u0119pnia producentom otwart\u0105 platform\u0119 handlow\u0105, \u015brodowisko wymiany wiedzy i sie\u0107 kontakt\u00f3w wspieraj\u0105c\u0105 fi\u0144skich producent\u00f3w wo\u0142owiny.<br><br>Finnish Beef Company Oy z\u0142o\u017cy\u0142o wniosek o zatwierdzenie jako organizacja producent\u00f3w (04\/2026). Po uzyskaniu decyzji FBC wdra\u017ca model dzia\u0142ania organizacji producent\u00f3w, w kt\u00f3rym rozw\u00f3j fi\u0144skiej produkcji wo\u0142owiny jest prowadzony w oparciu o kryteria producent\u00f3w oraz wymagania jako\u015bciowe klient\u00f3w.<br><br>Udzia\u0142 w dzia\u0142aniach FBC nie wymaga cz\u0142onkostwa ani posiadania udzia\u0142\u00f3w w sp\u00f3\u0142ce. Po uzyskaniu statusu organizacji producent\u00f3w Finnish Beef Company uruchamia umowy o wsp\u00f3\u0142pracy oraz program cz\u0142onkostwa pr\u00f3bnego, kt\u00f3re umo\u017cliwiaj\u0105 producentom wo\u0142owiny zapoznanie si\u0119 z zasadami dzia\u0142ania sp\u00f3\u0142ki przed ewentualnym z\u0142o\u017ceniem wniosku o cz\u0142onkostwo.<br><br>Kryteria i warunki programu cz\u0142onkostwa pr\u00f3bnego oraz um\u00f3w o wsp\u00f3\u0142pracy zostan\u0105 opublikowane w ca\u0142o\u015bci po zatwierdzeniu statusu organizacji producent\u00f3w. Warunkiem wsp\u00f3\u0142pracy i cz\u0142onkostwa pr\u00f3bnego jest mo\u017cliwo\u015b\u0107 swobodnej sprzeda\u017cy produkcji wo\u0142owiny \u2013 tj. producent nie mo\u017ce mie\u0107 zobowi\u0105zania do dostarczania swoich zwierz\u0105t innym podmiotom. Finnish Beef Company nie prowadzi obrotu byd\u0142em obj\u0119tym obowi\u0105zkiem sprzeda\u017cy na rzecz innego podmiotu.<\/p>\n","protected":false},"excerpt":{"rendered":"<p>Finnish Beef Company (FBC) organizuje szkolenia i wydarzenia bran\u017cowe oraz prowadzi handel. FBC udost\u0119pnia producentom otwart\u0105 platform\u0119 handlow\u0105, \u015brodowisko wymiany wiedzy i sie\u0107 kontakt\u00f3w wspieraj\u0105c\u0105 fi\u0144skich producent\u00f3w wo\u0142owiny. Finnish Beef Company Oy z\u0142o\u017cy\u0142o wniosek o zatwierdzenie jako organizacja producent\u00f3w (04\/2026). Po uzyskaniu decyzji FBC wdra\u017ca model dzia\u0142ania organizacji producent\u00f3w, w [&hellip;]<\/p>\n","protected":false},"author":1,"featured_media":0,"parent":0,"menu_order":0,"comment_status":"closed","ping_status":"closed","template":"","meta":{"_themeisle_gutenberg_block_has_review":false,"footnotes":""},"class_list":["post-274","page","type-page","status-publish","hentry"],"jetpack_sharing_enabled":true,"_links":{"self":[{"href":"https:\/\/finnishbeefcompany.fi\/index.php\/wp-json\/wp\/v2\/pages\/274","targetHints":{"allow":["GET"]}}],"collection":[{"href":"https:\/\/finnishbeefcompany.fi\/index.php\/wp-json\/wp\/v2\/pages"}],"about":[{"href":"https:\/\/finnishbeefcompany.fi\/index.php\/wp-json\/wp\/v2\/types\/page"}],"author":[{"embeddable":true,"href":"https:\/\/finnishbeefcompany.fi\/index.php\/wp-json\/wp\/v2\/users\/1"}],"replies":[{"embeddable":true,"href":"https:\/\/finnishbeefcompany.fi\/index.php\/wp-json\/wp\/v2\/comments?post=274"}],"version-history":[{"count":1,"href":"https:\/\/finnishbeefcompany.fi\/index.php\/wp-json\/wp\/v2\/pages\/274\/revisions"}],"predecessor-version":[{"id":275,"href":"https:\/\/finnishbeefcompany.fi\/index.php\/wp-json\/wp\/v2\/pages\/274\/revisions\/275"}],"wp:attachment":[{"href":"https:\/\/finnishbeefcompany.fi\/index.php\/wp-json\/wp\/v2\/media?parent=274"}],"curies":[{"name":"wp","href":"https:\/\/api.w.org\/{rel}","templated":true}]}}