{"id":277,"date":"2026-05-06T14:48:33","date_gmt":"2026-05-06T14:48:33","guid":{"rendered":"https:\/\/finnishbeefcompany.fi\/?page_id=277"},"modified":"2026-05-06T14:48:42","modified_gmt":"2026-05-06T14:48:42","slug":"handel-zwierzetami","status":"publish","type":"page","link":"https:\/\/finnishbeefcompany.fi\/index.php\/handel-zwierzetami\/","title":{"rendered":"Handel zwierz\u0119tami"},"content":{"rendered":"\n<p><br>Finnish Beef Company Oy (FBC) prowadzi zorientowany na producent\u00f3w handel fi\u0144skimi odsadkami ras mi\u0119snych, opasami, byd\u0142em hodowlanym oraz krowami. W handlu zwierz\u0119tami FBC stosuje wymagania jako\u015bciowe dotycz\u0105ce byd\u0142a ras mi\u0119snych okre\u015blone przez w\u0142a\u015bcicieli sp\u00f3\u0142ki oraz zasady odpowiedzialnego handlu zwierz\u0119tami.<br><br><strong>Sprzeda\u017c zwierz\u0105t za po\u015brednictwem FBC:<\/strong><br>FBC pozyskuje oferty od kupuj\u0105cych i przedstawia je w\u0142a\u015bcicielom oraz hodowcom wsp\u00f3\u0142pracuj\u0105cym. Sprzeda\u017c jest prowadzona bezpo\u015brednio kupuj\u0105cym lub poprzez aukcj\u0119. Wsp\u00f3\u0142praca z hodowc\u0105 jest potwierdzana umow\u0105 o wsp\u00f3\u0142pracy, kt\u00f3ra mo\u017ce mie\u0107 charakter d\u0142ugoterminowy lub dotyczy\u0107 jednej partii zwierz\u0105t \u2013 zgodnie z decyzj\u0105 producenta.<br><strong>Wi\u0119cej informacji i sprzeda\u017c:<\/strong> info@finnishbeefcompany.fi<br><br><strong>Z\u0142o\u017cenie oferty zakupu do FBC:<\/strong><br>FBC przyjmuje zlecenia od kupuj\u0105cych i wyszukuje na fi\u0144skim rynku zwierz\u0119ta odpowiadaj\u0105ce wymaganiom oferty.<br><strong>Wi\u0119cej informacji i oferty zakupu:<\/strong> info@finnishbeefcompany.fi<br><br>Og\u00f3lne warunki handlowe:<br>W transakcjach obowi\u0105zuj\u0105 warunki handlowe okre\u015blone przez Finnish Beef Company. Sprzedaj\u0105cy akceptuje je podpisuj\u0105c umow\u0119 o wsp\u00f3\u0142pracy, a kupuj\u0105cy \u2013 sk\u0142adaj\u0105c ofert\u0119.<\/p>\n\n\n\n<p><\/p>\n","protected":false},"excerpt":{"rendered":"<p>Finnish Beef Company Oy (FBC) prowadzi zorientowany na producent\u00f3w handel fi\u0144skimi odsadkami ras mi\u0119snych, opasami, byd\u0142em hodowlanym oraz krowami. W handlu zwierz\u0119tami FBC stosuje wymagania jako\u015bciowe dotycz\u0105ce byd\u0142a ras mi\u0119snych okre\u015blone przez w\u0142a\u015bcicieli sp\u00f3\u0142ki oraz zasady odpowiedzialnego handlu zwierz\u0119tami. Sprzeda\u017c zwierz\u0105t za po\u015brednictwem FBC:FBC pozyskuje oferty od kupuj\u0105cych i przedstawia [&hellip;]<\/p>\n","protected":false},"author":1,"featured_media":0,"parent":0,"menu_order":0,"comment_status":"closed","ping_status":"closed","template":"","meta":{"_themeisle_gutenberg_block_has_review":false,"footnotes":""},"class_list":["post-277","page","type-page","status-publish","hentry"],"jetpack_sharing_enabled":true,"_links":{"self":[{"href":"https:\/\/finnishbeefcompany.fi\/index.php\/wp-json\/wp\/v2\/pages\/277","targetHints":{"allow":["GET"]}}],"collection":[{"href":"https:\/\/finnishbeefcompany.fi\/index.php\/wp-json\/wp\/v2\/pages"}],"about":[{"href":"https:\/\/finnishbeefcompany.fi\/index.php\/wp-json\/wp\/v2\/types\/page"}],"author":[{"embeddable":true,"href":"https:\/\/finnishbeefcompany.fi\/index.php\/wp-json\/wp\/v2\/users\/1"}],"replies":[{"embeddable":true,"href":"https:\/\/finnishbeefcompany.fi\/index.php\/wp-json\/wp\/v2\/comments?post=277"}],"version-history":[{"count":1,"href":"https:\/\/finnishbeefcompany.fi\/index.php\/wp-json\/wp\/v2\/pages\/277\/revisions"}],"predecessor-version":[{"id":278,"href":"https:\/\/finnishbeefcompany.fi\/index.php\/wp-json\/wp\/v2\/pages\/277\/revisions\/278"}],"wp:attachment":[{"href":"https:\/\/finnishbeefcompany.fi\/index.php\/wp-json\/wp\/v2\/media?parent=277"}],"curies":[{"name":"wp","href":"https:\/\/api.w.org\/{rel}","templated":true}]}}