{"id":283,"date":"2026-05-06T14:59:41","date_gmt":"2026-05-06T14:59:41","guid":{"rendered":"https:\/\/finnishbeefcompany.fi\/?page_id=283"},"modified":"2026-05-06T14:59:50","modified_gmt":"2026-05-06T14:59:50","slug":"eksport","status":"publish","type":"page","link":"https:\/\/finnishbeefcompany.fi\/index.php\/eksport\/","title":{"rendered":"Eksport"},"content":{"rendered":"\n<p>Finnish Beef Company prowadzi sprzeda\u017c poza granicami Finlandii oraz dzia\u0142ania zwi\u0105zane z rozbudow\u0105 sieci odbiorc\u00f3w na rynkach europejskich. FBC pozyskuje i obs\u0142uguje partner\u00f3w handlowych na terenie ca\u0142ej Europy, aby zapewni\u0107 zbyt dla fi\u0144skiego byd\u0142a i wo\u0142owiny w oparciu o warunki rynkowe.<br><br><\/p>\n","protected":false},"excerpt":{"rendered":"<p>Finnish Beef Company prowadzi sprzeda\u017c poza granicami Finlandii oraz dzia\u0142ania zwi\u0105zane z rozbudow\u0105 sieci odbiorc\u00f3w na rynkach europejskich. FBC pozyskuje i obs\u0142uguje partner\u00f3w handlowych na terenie ca\u0142ej Europy, aby zapewni\u0107 zbyt dla fi\u0144skiego byd\u0142a i wo\u0142owiny w oparciu o warunki rynkowe.<\/p>\n","protected":false},"author":1,"featured_media":0,"parent":0,"menu_order":0,"comment_status":"closed","ping_status":"closed","template":"","meta":{"_themeisle_gutenberg_block_has_review":false,"footnotes":""},"class_list":["post-283","page","type-page","status-publish","hentry"],"jetpack_sharing_enabled":true,"_links":{"self":[{"href":"https:\/\/finnishbeefcompany.fi\/index.php\/wp-json\/wp\/v2\/pages\/283","targetHints":{"allow":["GET"]}}],"collection":[{"href":"https:\/\/finnishbeefcompany.fi\/index.php\/wp-json\/wp\/v2\/pages"}],"about":[{"href":"https:\/\/finnishbeefcompany.fi\/index.php\/wp-json\/wp\/v2\/types\/page"}],"author":[{"embeddable":true,"href":"https:\/\/finnishbeefcompany.fi\/index.php\/wp-json\/wp\/v2\/users\/1"}],"replies":[{"embeddable":true,"href":"https:\/\/finnishbeefcompany.fi\/index.php\/wp-json\/wp\/v2\/comments?post=283"}],"version-history":[{"count":1,"href":"https:\/\/finnishbeefcompany.fi\/index.php\/wp-json\/wp\/v2\/pages\/283\/revisions"}],"predecessor-version":[{"id":284,"href":"https:\/\/finnishbeefcompany.fi\/index.php\/wp-json\/wp\/v2\/pages\/283\/revisions\/284"}],"wp:attachment":[{"href":"https:\/\/finnishbeefcompany.fi\/index.php\/wp-json\/wp\/v2\/media?parent=283"}],"curies":[{"name":"wp","href":"https:\/\/api.w.org\/{rel}","templated":true}]}}