{"id":305,"date":"2026-05-06T15:23:43","date_gmt":"2026-05-06T15:23:43","guid":{"rendered":"https:\/\/finnishbeefcompany.fi\/?page_id=305"},"modified":"2026-05-06T15:23:53","modified_gmt":"2026-05-06T15:23:53","slug":"finnish-beef-company-oy-pl","status":"publish","type":"page","link":"https:\/\/finnishbeefcompany.fi\/index.php\/finnish-beef-company-oy-pl\/","title":{"rendered":"Finnish Beef Company Oy \/ PL"},"content":{"rendered":"\n<p>Finnish Beef Company to sp\u00f3\u0142ka za\u0142o\u017cona w 2026 roku przez fi\u0144skich producent\u00f3w wo\u0142owiny, \u015bwiadcz\u0105ca us\u0142ugi na rzecz sektora hodowli zwierz\u0105t gospodarskich. Sp\u00f3\u0142ka prowadzi dzia\u0142ania wspieraj\u0105ce kompetencje rynkowe producent\u00f3w wo\u0142owiny oraz zapewnia producentom byd\u0142a mi\u0119snego otwart\u0105, rynkow\u0105 platform\u0119 sprzeda\u017cy i zakupu byd\u0142a mi\u0119snego oraz wo\u0142owiny. Sp\u00f3\u0142ka zwi\u0119ksza si\u0142\u0119 negocjacyjn\u0105 cz\u0142onk\u00f3w i hodowc\u00f3w partnerskich poprzez otwarty handel oraz udost\u0119pnianie informacji rynkowych. Finnish Beef Company prowadzi r\u00f3wnie\u017c dzia\u0142ania wspieraj\u0105ce wizerunek bran\u017cy mi\u0119snej oraz odpowiedzialn\u0105 produkcj\u0119 wo\u0142owiny.<br>Sp\u00f3\u0142ka z\u0142o\u017cy\u0142a wniosek o zatwierdzenie statusu organizacji producent\u00f3w (04\/2026).<br><br><strong>Zarz\u0105d:<\/strong><br>Juha Lehto, przewodnicz\u0105cy<br>Iiris Herlin, wiceprzewodnicz\u0105ca<br>Aku L\u00e4nninki<br>Risto Salminen<\/p>\n","protected":false},"excerpt":{"rendered":"<p>Finnish Beef Company to sp\u00f3\u0142ka za\u0142o\u017cona w 2026 roku przez fi\u0144skich producent\u00f3w wo\u0142owiny, \u015bwiadcz\u0105ca us\u0142ugi na rzecz sektora hodowli zwierz\u0105t gospodarskich. Sp\u00f3\u0142ka prowadzi dzia\u0142ania wspieraj\u0105ce kompetencje rynkowe producent\u00f3w wo\u0142owiny oraz zapewnia producentom byd\u0142a mi\u0119snego otwart\u0105, rynkow\u0105 platform\u0119 sprzeda\u017cy i zakupu byd\u0142a mi\u0119snego oraz wo\u0142owiny. Sp\u00f3\u0142ka zwi\u0119ksza si\u0142\u0119 negocjacyjn\u0105 cz\u0142onk\u00f3w i [&hellip;]<\/p>\n","protected":false},"author":1,"featured_media":0,"parent":0,"menu_order":0,"comment_status":"closed","ping_status":"closed","template":"","meta":{"_themeisle_gutenberg_block_has_review":false,"footnotes":""},"class_list":["post-305","page","type-page","status-publish","hentry"],"jetpack_sharing_enabled":true,"_links":{"self":[{"href":"https:\/\/finnishbeefcompany.fi\/index.php\/wp-json\/wp\/v2\/pages\/305","targetHints":{"allow":["GET"]}}],"collection":[{"href":"https:\/\/finnishbeefcompany.fi\/index.php\/wp-json\/wp\/v2\/pages"}],"about":[{"href":"https:\/\/finnishbeefcompany.fi\/index.php\/wp-json\/wp\/v2\/types\/page"}],"author":[{"embeddable":true,"href":"https:\/\/finnishbeefcompany.fi\/index.php\/wp-json\/wp\/v2\/users\/1"}],"replies":[{"embeddable":true,"href":"https:\/\/finnishbeefcompany.fi\/index.php\/wp-json\/wp\/v2\/comments?post=305"}],"version-history":[{"count":1,"href":"https:\/\/finnishbeefcompany.fi\/index.php\/wp-json\/wp\/v2\/pages\/305\/revisions"}],"predecessor-version":[{"id":306,"href":"https:\/\/finnishbeefcompany.fi\/index.php\/wp-json\/wp\/v2\/pages\/305\/revisions\/306"}],"wp:attachment":[{"href":"https:\/\/finnishbeefcompany.fi\/index.php\/wp-json\/wp\/v2\/media?parent=305"}],"curies":[{"name":"wp","href":"https:\/\/api.w.org\/{rel}","templated":true}]}}