{"id":40,"date":"2026-04-10T11:43:12","date_gmt":"2026-04-10T11:43:12","guid":{"rendered":"https:\/\/finnishbeefcompany.fi\/?page_id=40"},"modified":"2026-04-27T16:28:11","modified_gmt":"2026-04-27T16:28:11","slug":"elainkauppa","status":"publish","type":"page","link":"https:\/\/finnishbeefcompany.fi\/index.php\/elainkauppa\/","title":{"rendered":"El\u00e4inkauppa"},"content":{"rendered":"\n<p>Finnish Beef Company Oy (FBC) tekee tuottajal\u00e4ht\u00f6ist\u00e4 el\u00e4inkauppaa<br>suomalaisilla pihvirotuisilla vasikoilla, nuorilla teuras- ja<br>siitosnaudoilla sek\u00e4 lehmill\u00e4. FBC noudattaa el\u00e4inkaupassa omistajiensa<br>asettamia laadukkaan pihvirotuisen naudan vaatimuksia sek\u00e4 vastuullisen<br>el\u00e4inkaupan periaatteita.<\/p>\n\n\n\n<p><strong>El\u00e4inten myynti FBC:n kautta:<\/strong><br>FBC etsii omistajiensa ja yhteisty\u00f6tilojensa el\u00e4imille parhaan<br>mahdollisen hinnan suoraan ostajilta tai huutokaupan avulla. Tavoitteena<br>on pitk\u00e4aikainen yhteisty\u00f6 FBC:n ja tilojen v\u00e4lill\u00e4. Yhteisty\u00f6st\u00e4<br>tehd\u00e4\u00e4n yhteisty\u00f6sopimus, joka on ensisijaisesti pidempiaikainen mutta<br>voi koskea vain yht\u00e4 el\u00e4iner\u00e4\u00e4. T\u00e4st\u00e4 p\u00e4\u00e4tt\u00e4\u00e4 naudanlihantuottaja itse.<br><strong>Lis\u00e4tietoa ja myynti:<\/strong> info@finnishbeefcompany.fi<\/p>\n\n\n\n<p><strong>Ostotarjouksen j\u00e4tt\u00e4minen FBC:lle:<\/strong><br>FBC tekee my\u00f6s ostajien toimesta toimeksiantoja etsien ostajien<br>tarjoukseen sopivia el\u00e4imi\u00e4 Suomen markkinasta.<br><strong>Lis\u00e4tietoa ja ostotarjoukset:<\/strong> info@finnishbeefcompany.fi<\/p>\n\n\n\n<p><strong>Yleiset kaupan ehdot:<\/strong><br>Kaupanteossa ja ehdoissa noudatetaan Finnish Beef Companyn kaupanteolle<br>asettamia ehtoja, joihin myyj\u00e4 sitoutuu yhteisty\u00f6sopimuksen<br>allekirjoituksella ja ostaja tarjousta tehdess\u00e4\u00e4n.<\/p>\n","protected":false},"excerpt":{"rendered":"<p>Finnish Beef Company Oy (FBC) tekee tuottajal\u00e4ht\u00f6ist\u00e4 el\u00e4inkauppaasuomalaisilla pihvirotuisilla vasikoilla, nuorilla teuras- jasiitosnaudoilla sek\u00e4 lehmill\u00e4. FBC noudattaa el\u00e4inkaupassa omistajiensaasettamia laadukkaan pihvirotuisen naudan vaatimuksia sek\u00e4 vastuullisenel\u00e4inkaupan periaatteita. El\u00e4inten myynti FBC:n kautta:FBC etsii omistajiensa ja yhteisty\u00f6tilojensa el\u00e4imille parhaanmahdollisen hinnan suoraan ostajilta tai huutokaupan avulla. Tavoitteenaon pitk\u00e4aikainen yhteisty\u00f6 FBC:n ja tilojen v\u00e4lill\u00e4. Yhteisty\u00f6st\u00e4tehd\u00e4\u00e4n [&hellip;]<\/p>\n","protected":false},"author":1,"featured_media":0,"parent":0,"menu_order":0,"comment_status":"closed","ping_status":"closed","template":"","meta":{"_themeisle_gutenberg_block_has_review":false,"footnotes":""},"class_list":["post-40","page","type-page","status-publish","hentry"],"jetpack_sharing_enabled":true,"_links":{"self":[{"href":"https:\/\/finnishbeefcompany.fi\/index.php\/wp-json\/wp\/v2\/pages\/40","targetHints":{"allow":["GET"]}}],"collection":[{"href":"https:\/\/finnishbeefcompany.fi\/index.php\/wp-json\/wp\/v2\/pages"}],"about":[{"href":"https:\/\/finnishbeefcompany.fi\/index.php\/wp-json\/wp\/v2\/types\/page"}],"author":[{"embeddable":true,"href":"https:\/\/finnishbeefcompany.fi\/index.php\/wp-json\/wp\/v2\/users\/1"}],"replies":[{"embeddable":true,"href":"https:\/\/finnishbeefcompany.fi\/index.php\/wp-json\/wp\/v2\/comments?post=40"}],"version-history":[{"count":6,"href":"https:\/\/finnishbeefcompany.fi\/index.php\/wp-json\/wp\/v2\/pages\/40\/revisions"}],"predecessor-version":[{"id":122,"href":"https:\/\/finnishbeefcompany.fi\/index.php\/wp-json\/wp\/v2\/pages\/40\/revisions\/122"}],"wp:attachment":[{"href":"https:\/\/finnishbeefcompany.fi\/index.php\/wp-json\/wp\/v2\/media?parent=40"}],"curies":[{"name":"wp","href":"https:\/\/api.w.org\/{rel}","templated":true}]}}