{"id":58,"date":"2026-04-10T14:00:10","date_gmt":"2026-04-10T14:00:10","guid":{"rendered":"https:\/\/finnishbeefcompany.fi\/?page_id=58"},"modified":"2026-04-27T16:53:32","modified_gmt":"2026-04-27T16:53:32","slug":"fbc-laatuohjelma","status":"publish","type":"page","link":"https:\/\/finnishbeefcompany.fi\/index.php\/fbc-laatuohjelma\/","title":{"rendered":"Laatuvaatimukset"},"content":{"rendered":"\n<p>Finnish Beef Companyn laatu perustuu kest\u00e4v\u00e4\u00e4n ja vastuulliseen<br>suomalaiseen naudanlihantuotantoon, jossa emolehm\u00e4t kasvattavat<br>vasikkansa, laiduntavat ja niiden ruokinta perustuu nurmirehuun.<\/p>\n\n\n\n<p><br><strong>Kaupan asetettavien pihvirotuisten el\u00e4inten tulee t\u00e4ytt\u00e4\u00e4 seuraavat<br>ehdot:<\/strong><\/p>\n\n\n\n<ul class=\"wp-block-list\">\n<li>El\u00e4inten l\u00e4\u00e4kitys ja antibioottien k\u00e4ytt\u00f6 vain el\u00e4inl\u00e4\u00e4k\u00e4rin<br>m\u00e4\u00e4r\u00e4yksest\u00e4 ja ohjeistuksen mukaisesti.<\/li>\n\n\n\n<li>Tilalla on k\u00e4yt\u00f6ss\u00e4 Naseva ja tilalla on el\u00e4inl\u00e4\u00e4k\u00e4rin tekem\u00e4,<br>terveydenhuoltok\u00e4ynnin perusteella laadittu kirjallinen<br>terveydenhuoltosuunnitelma, joka p\u00e4ivitet\u00e4\u00e4n vuosittain.<\/li>\n\n\n\n<li>El\u00e4inten ruokinta perustuu ajantasaiseen rehuanalyyseihin pohjautuvaan<br>ruokintasuunnitelmaan.<\/li>\n\n\n\n<li>Myyt\u00e4vien el\u00e4inten tulee edustaa v\u00e4hint\u00e4\u00e4n rotunsa keskiarvoa tai<br>poikkeama tulee voida perustella. (mm. p\u00e4iv\u00e4kasvu, 200 pv paino)<\/li>\n\n\n\n<li>El\u00e4imist\u00e4 tulee toimittaa el\u00e4inl\u00e4\u00e4k\u00e4rin laatima terveystodistus.<\/li>\n\n\n\n<li>Tilalla ei saa olla voimassa el\u00e4inten hyvinvointia koskevia<br>korjauskehotuksia.<\/li>\n\n\n\n<li>El\u00e4inten olosuhteiden tulee t\u00e4ytt\u00e4\u00e4 el\u00e4inten hyvinvointilain asettamat<br>vaatimukset.<\/li>\n<\/ul>\n\n\n\n<p><\/p>\n\n\n\n<p>Voimassa 22.4.2026 alkaen toistaiseksi. Ehdot tarkistetaan vuosittain.<\/p>\n\n\n\n<p><strong>Linkit:<\/strong><br><\/p>\n\n\n\n<p><\/p>\n","protected":false},"excerpt":{"rendered":"<p>Finnish Beef Companyn laatu perustuu kest\u00e4v\u00e4\u00e4n ja vastuulliseensuomalaiseen naudanlihantuotantoon, jossa emolehm\u00e4t kasvattavatvasikkansa, laiduntavat ja niiden ruokinta perustuu nurmirehuun. Kaupan asetettavien pihvirotuisten el\u00e4inten tulee t\u00e4ytt\u00e4\u00e4 seuraavatehdot: Voimassa 22.4.2026 alkaen toistaiseksi. Ehdot tarkistetaan vuosittain. Linkit:<\/p>\n","protected":false},"author":1,"featured_media":0,"parent":0,"menu_order":0,"comment_status":"closed","ping_status":"closed","template":"","meta":{"_themeisle_gutenberg_block_has_review":false,"footnotes":""},"class_list":["post-58","page","type-page","status-publish","hentry"],"jetpack_sharing_enabled":true,"_links":{"self":[{"href":"https:\/\/finnishbeefcompany.fi\/index.php\/wp-json\/wp\/v2\/pages\/58","targetHints":{"allow":["GET"]}}],"collection":[{"href":"https:\/\/finnishbeefcompany.fi\/index.php\/wp-json\/wp\/v2\/pages"}],"about":[{"href":"https:\/\/finnishbeefcompany.fi\/index.php\/wp-json\/wp\/v2\/types\/page"}],"author":[{"embeddable":true,"href":"https:\/\/finnishbeefcompany.fi\/index.php\/wp-json\/wp\/v2\/users\/1"}],"replies":[{"embeddable":true,"href":"https:\/\/finnishbeefcompany.fi\/index.php\/wp-json\/wp\/v2\/comments?post=58"}],"version-history":[{"count":5,"href":"https:\/\/finnishbeefcompany.fi\/index.php\/wp-json\/wp\/v2\/pages\/58\/revisions"}],"predecessor-version":[{"id":136,"href":"https:\/\/finnishbeefcompany.fi\/index.php\/wp-json\/wp\/v2\/pages\/58\/revisions\/136"}],"wp:attachment":[{"href":"https:\/\/finnishbeefcompany.fi\/index.php\/wp-json\/wp\/v2\/media?parent=58"}],"curies":[{"name":"wp","href":"https:\/\/api.w.org\/{rel}","templated":true}]}}