{"id":75,"date":"2026-04-15T09:53:52","date_gmt":"2026-04-15T09:53:52","guid":{"rendered":"https:\/\/finnishbeefcompany.fi\/?page_id=75"},"modified":"2026-04-27T16:10:54","modified_gmt":"2026-04-27T16:10:54","slug":"toiminta","status":"publish","type":"page","link":"https:\/\/finnishbeefcompany.fi\/index.php\/toiminta\/","title":{"rendered":"Toiminta"},"content":{"rendered":"\n<p>Finnish Beef Company (FBC) toivottaa toiminnastaan kiinnostuneet<br>naudanlihantuottajat mukaan koulutuksiin, tapahtumiin sek\u00e4<br>kaupank\u00e4yntiin. FBC pyrkii rakentamaan avoimen kauppapaikan,<br>oppimisymp\u00e4rist\u00f6n ja verkoston tukemaan suomalaisia<br>naudanlihantuottajia. FBC:n tavoitteena on varmistaa<br>naudanlihantuottajille mahdollisuus vaikuttaa markkinaan, omaan<br>toimintaansa ja tuotantonsa tulevaisuuteen.<\/p>\n\n\n\n<p>Finnish Beef Company Oy hakee t\u00e4ll\u00e4 hetkell\u00e4 hyv\u00e4ksynt\u00e4\u00e4<br>tuottajaorganisaatioksi (4\/2026). Tavoitteena on rakentaa Suomen<br>ensimm\u00e4inen naudanlihantuottajien tuottajaorganisaatio, jossa<br>suomalaista naudanlihantuotantoa kehitet\u00e4\u00e4n tuottajien n\u00e4k\u00f6kulmasta<br>kest\u00e4v\u00e4sti, asiakkaiden tarpeet ja toiveet huomioiden.<\/p>\n\n\n\n<p>J\u00e4senyys tai omistajuus ei ole toimintaan osallistumisen edellytys.<br>Finnish Beef Company avaa tuottajaorganisaatiostatuksen saatuaan<br>yhteisty\u00f6sopimukset sek\u00e4 koej\u00e4senohjelman, jotka tarjoavat naudanlihan<br>tuottajille mahdollisuuden tutustua yrityksen toimintaan ennen<br>mahdollista j\u00e4seneksi pyrkimist\u00e4.<\/p>\n\n\n\n<p>Koej\u00e4senohjelman ja yhteisty\u00f6sopimuksen tarkemmat kriteerit ja ehdot<br>tullaan julkaisemaan kokonaisuudessaan kun tuottajaorganisaation status<br>on hyv\u00e4ksytty. Yhteisty\u00f6n ja koej\u00e4senyyden edellytyksen\u00e4 on kaupan oleva<br>naudanlihantuotanto eli naudanlihan tuottajalla ei voi olla velvoitetta<br>toimittaa nautojaan muille tahoille. Finnish Beef Company ei voi k\u00e4yd\u00e4<br>kauppaa naudoista, joihin kohdistuu myyntivelvoite jollekin toiselle<br>taholle.<\/p>\n","protected":false},"excerpt":{"rendered":"<p>Finnish Beef Company (FBC) toivottaa toiminnastaan kiinnostuneetnaudanlihantuottajat mukaan koulutuksiin, tapahtumiin sek\u00e4kaupank\u00e4yntiin. FBC pyrkii rakentamaan avoimen kauppapaikan,oppimisymp\u00e4rist\u00f6n ja verkoston tukemaan suomalaisianaudanlihantuottajia. FBC:n tavoitteena on varmistaanaudanlihantuottajille mahdollisuus vaikuttaa markkinaan, omaantoimintaansa ja tuotantonsa tulevaisuuteen. Finnish Beef Company Oy hakee t\u00e4ll\u00e4 hetkell\u00e4 hyv\u00e4ksynt\u00e4\u00e4tuottajaorganisaatioksi (4\/2026). Tavoitteena on rakentaa Suomenensimm\u00e4inen naudanlihantuottajien tuottajaorganisaatio, jossasuomalaista naudanlihantuotantoa kehitet\u00e4\u00e4n tuottajien [&hellip;]<\/p>\n","protected":false},"author":1,"featured_media":0,"parent":0,"menu_order":0,"comment_status":"closed","ping_status":"closed","template":"","meta":{"_themeisle_gutenberg_block_has_review":false,"footnotes":""},"class_list":["post-75","page","type-page","status-publish","hentry"],"jetpack_sharing_enabled":true,"_links":{"self":[{"href":"https:\/\/finnishbeefcompany.fi\/index.php\/wp-json\/wp\/v2\/pages\/75","targetHints":{"allow":["GET"]}}],"collection":[{"href":"https:\/\/finnishbeefcompany.fi\/index.php\/wp-json\/wp\/v2\/pages"}],"about":[{"href":"https:\/\/finnishbeefcompany.fi\/index.php\/wp-json\/wp\/v2\/types\/page"}],"author":[{"embeddable":true,"href":"https:\/\/finnishbeefcompany.fi\/index.php\/wp-json\/wp\/v2\/users\/1"}],"replies":[{"embeddable":true,"href":"https:\/\/finnishbeefcompany.fi\/index.php\/wp-json\/wp\/v2\/comments?post=75"}],"version-history":[{"count":4,"href":"https:\/\/finnishbeefcompany.fi\/index.php\/wp-json\/wp\/v2\/pages\/75\/revisions"}],"predecessor-version":[{"id":110,"href":"https:\/\/finnishbeefcompany.fi\/index.php\/wp-json\/wp\/v2\/pages\/75\/revisions\/110"}],"wp:attachment":[{"href":"https:\/\/finnishbeefcompany.fi\/index.php\/wp-json\/wp\/v2\/media?parent=75"}],"curies":[{"name":"wp","href":"https:\/\/api.w.org\/{rel}","templated":true}]}}