{"id":92,"date":"2026-04-27T15:17:20","date_gmt":"2026-04-27T15:17:20","guid":{"rendered":"https:\/\/finnishbeefcompany.fi\/index.php\/home\/"},"modified":"2026-04-27T18:38:32","modified_gmt":"2026-04-27T18:38:32","slug":"home","status":"publish","type":"page","link":"https:\/\/finnishbeefcompany.fi\/","title":{"rendered":"Home"},"content":{"rendered":"\n<div class=\"wp-block-cover alignfull is-light hestia-clear-top-padding\"><span aria-hidden=\"true\" class=\"wp-block-cover__background has-white-background-color has-background-dim-100 has-background-dim\"><\/span><div class=\"wp-block-cover__inner-container is-layout-flow wp-block-cover-is-layout-flow\">\n<h2 class=\"wp-block-heading has-text-align-center has-text-color\" style=\"color:#3c4858\">Laatuvaatimukset:<\/h2>\n\n\n\n<div style=\"height:40px\" aria-hidden=\"true\" class=\"wp-block-spacer\"><\/div>\n\n\n\n<div class=\"wp-block-columns container is-layout-flex wp-container-core-columns-is-layout-28f84493 wp-block-columns-is-layout-flex\">\n<div class=\"wp-block-column is-layout-flow wp-block-column-is-layout-flow\"><div class=\"wp-block-image\">\n<figure class=\"aligncenter size-large\"><img decoding=\"async\" src=\"https:\/\/finnishbeefcompany.fi\/wp-content\/themes\/hestia\/assets\/img\/feat1.png\" alt=\"\" class=\"wp-image-70\"\/><\/figure>\n<\/div>\n\n\n<h5 class=\"wp-block-heading has-text-align-center has-text-color\" style=\"color:#3c4858;font-size:18px\"><a href=\"https:\/\/finnishbeefcompany.fi\/index.php\/fbc-laatuohjelma\/?customize_changeset_uuid=ad0bebd6-9a1c-414e-a090-3de77faf695d\">Laatu<\/a><\/h5>\n\n\n\n<p class=\"has-text-align-center has-text-color\" style=\"color:#999999;font-size:14px\">Finnish Beef Companyn laatu perustuu kest\u00e4v\u00e4\u00e4n ja vastuulliseen<br>suomalaiseen naudanlihantuotantoon, jossa emolehm\u00e4t kasvattavat<br>vasikkansa, laiduntavat ja niiden ruokinta perustuu nurmirehuun.<\/p>\n\n\n\n<p><\/p>\n\n\n\n<div style=\"height:25px\" aria-hidden=\"true\" class=\"wp-block-spacer\"><\/div>\n<\/div>\n\n\n\n<div class=\"wp-block-column is-layout-flow wp-block-column-is-layout-flow\"><div class=\"wp-block-image\">\n<figure class=\"aligncenter size-large\"><img decoding=\"async\" src=\"https:\/\/finnishbeefcompany.fi\/wp-content\/themes\/hestia\/assets\/img\/feat2.png\" alt=\"\" class=\"wp-image-71\"\/><\/figure>\n<\/div>\n\n\n<h5 class=\"wp-block-heading has-text-align-center has-text-color\" style=\"color:#3c4858;font-size:18px\"><a href=\"https:\/\/finnishbeefcompany.fi\/index.php\/quality-information\/?customize_changeset_uuid=ad0bebd6-9a1c-414e-a090-3de77faf695d\">Quality<\/a><\/h5>\n\n\n\n<p class=\"has-text-align-center has-text-color\" style=\"color:#999999;font-size:14px\">Finnish Beef Company&#8217;s quality is built on sustainable and responsible Finnish beef production, in which suckler cows raise their own calves, graze on pasture, and are fed primarily on grass-based forage.<\/p>\n\n\n\n<div style=\"height:25px\" aria-hidden=\"true\" class=\"wp-block-spacer\"><\/div>\n<\/div>\n\n\n\n<div class=\"wp-block-column is-layout-flow wp-block-column-is-layout-flow\"><div class=\"wp-block-image\">\n<figure class=\"aligncenter size-large\"><img decoding=\"async\" src=\"https:\/\/finnishbeefcompany.fi\/wp-content\/themes\/hestia\/assets\/img\/feat3.png\" alt=\"\" class=\"wp-image-72\"\/><\/figure>\n<\/div>\n\n\n<h5 class=\"wp-block-heading has-text-align-center has-text-color\" style=\"color:#3c4858;font-size:18px\"><a href=\"https:\/\/finnishbeefcompany.fi\/index.php\/kvalitetsinformation\/?customize_changeset_uuid=ad0bebd6-9a1c-414e-a090-3de77faf695d\">Kvalitet<\/a><\/h5>\n\n\n\n<p class=\"has-text-align-center has-text-color\" style=\"color:#999999;font-size:14px\">Finnish Beef Companys kvalitet grundar sig p\u00e5 en h\u00e5llbar och ansvarsfull finl\u00e4ndsk n\u00f6tk\u00f6ttsproduktion, d\u00e4r korna sj\u00e4lva f\u00f6der upp sina kalvar, betar och utfodras huvudsakligen med vallfoder.<\/p>\n\n\n\n<div style=\"height:25px\" aria-hidden=\"true\" class=\"wp-block-spacer\"><\/div>\n<\/div>\n<\/div>\n\n\n\n<div style=\"height:40px\" aria-hidden=\"true\" class=\"wp-block-spacer\"><\/div>\n<\/div><\/div>\n\n\n\n<div class=\"wp-block-columns container is-layout-flex wp-container-core-columns-is-layout-28f84493 wp-block-columns-is-layout-flex\">\n<div class=\"wp-block-column col-md-5 is-layout-flow wp-block-column-is-layout-flow\">\n<div style=\"height:55px\" aria-hidden=\"true\" class=\"wp-block-spacer\"><\/div>\n\n\n\n<h2 class=\"wp-block-heading\">Vienti \/ Exporst<\/h2>\n\n\n\n<p class=\"has-text-align-left\">Vienti ja markkinaosuuden kasvattaminen Suomen   rajojen ulkopuolelle on tapa osallistua avoimeen markkinaan ja toimia sen ehdoilla. Finnish Beef<br>Company etsii aktiivisesti uusia kauppakumppaneita koko Euroopan<br>alueelta, jotta suomalainen nauta ja naudanliha l\u00f6yt\u00e4v\u00e4t markkinasta parhaan mahdollisen hinnan.<\/p>\n\n\n\n<p>Exporting and expanding market share beyond Finland&#8217;s borders is one way to participate in the open market and to operate on its terms. Finnish Beef Company actively seeks new trading partners across Europe, so that Finnish cattle and beef may find the best possible price on the market.<\/p>\n<\/div>\n\n\n\n<div class=\"wp-block-column col-md-6 col-md-offset1 is-layout-flow wp-block-column-is-layout-flow\">\n<div style=\"height:55px\" aria-hidden=\"true\" class=\"wp-block-spacer\"><\/div>\n\n\n\n<figure class=\"wp-block-gallery has-nested-images columns-default is-cropped wp-block-gallery-1 is-layout-flex wp-block-gallery-is-layout-flex\"><\/figure>\n\n\n\n<figure class=\"wp-block-image size-large\"><img loading=\"lazy\" decoding=\"async\" width=\"1024\" height=\"683\" src=\"https:\/\/finnishbeefcompany.fi\/wp-content\/uploads\/2026\/04\/71-_A020179-1024x683.jpg\" alt=\"\" class=\"wp-image-184\" srcset=\"https:\/\/finnishbeefcompany.fi\/wp-content\/uploads\/2026\/04\/71-_A020179-1024x683.jpg 1024w, https:\/\/finnishbeefcompany.fi\/wp-content\/uploads\/2026\/04\/71-_A020179-300x200.jpg 300w, https:\/\/finnishbeefcompany.fi\/wp-content\/uploads\/2026\/04\/71-_A020179-768x512.jpg 768w, https:\/\/finnishbeefcompany.fi\/wp-content\/uploads\/2026\/04\/71-_A020179-1536x1024.jpg 1536w, https:\/\/finnishbeefcompany.fi\/wp-content\/uploads\/2026\/04\/71-_A020179-2048x1365.jpg 2048w, https:\/\/finnishbeefcompany.fi\/wp-content\/uploads\/2026\/04\/71-_A020179-360x240.jpg 360w, https:\/\/finnishbeefcompany.fi\/wp-content\/uploads\/2026\/04\/71-_A020179-600x400.jpg 600w\" sizes=\"auto, (max-width: 1024px) 100vw, 1024px\" \/><\/figure>\n<\/div>\n<\/div>\n","protected":false},"excerpt":{"rendered":"<p>Vienti \/ Exporst Vienti ja markkinaosuuden kasvattaminen Suomen rajojen ulkopuolelle on tapa osallistua avoimeen markkinaan ja toimia sen ehdoilla. Finnish BeefCompany etsii aktiivisesti uusia kauppakumppaneita koko Euroopanalueelta, jotta suomalainen nauta ja naudanliha l\u00f6yt\u00e4v\u00e4t markkinasta parhaan mahdollisen hinnan. Exporting and expanding market share beyond Finland&#8217;s borders is one way to participate [&hellip;]<\/p>\n","protected":false},"author":1,"featured_media":10,"parent":0,"menu_order":0,"comment_status":"closed","ping_status":"closed","template":"","meta":{"_themeisle_gutenberg_block_has_review":false,"footnotes":""},"class_list":["post-92","page","type-page","status-publish","has-post-thumbnail","hentry"],"jetpack_sharing_enabled":true,"_links":{"self":[{"href":"https:\/\/finnishbeefcompany.fi\/index.php\/wp-json\/wp\/v2\/pages\/92","targetHints":{"allow":["GET"]}}],"collection":[{"href":"https:\/\/finnishbeefcompany.fi\/index.php\/wp-json\/wp\/v2\/pages"}],"about":[{"href":"https:\/\/finnishbeefcompany.fi\/index.php\/wp-json\/wp\/v2\/types\/page"}],"author":[{"embeddable":true,"href":"https:\/\/finnishbeefcompany.fi\/index.php\/wp-json\/wp\/v2\/users\/1"}],"replies":[{"embeddable":true,"href":"https:\/\/finnishbeefcompany.fi\/index.php\/wp-json\/wp\/v2\/comments?post=92"}],"version-history":[{"count":5,"href":"https:\/\/finnishbeefcompany.fi\/index.php\/wp-json\/wp\/v2\/pages\/92\/revisions"}],"predecessor-version":[{"id":192,"href":"https:\/\/finnishbeefcompany.fi\/index.php\/wp-json\/wp\/v2\/pages\/92\/revisions\/192"}],"wp:featuredmedia":[{"embeddable":true,"href":"https:\/\/finnishbeefcompany.fi\/index.php\/wp-json\/wp\/v2\/media\/10"}],"wp:attachment":[{"href":"https:\/\/finnishbeefcompany.fi\/index.php\/wp-json\/wp\/v2\/media?parent=92"}],"curies":[{"name":"wp","href":"https:\/\/api.w.org\/{rel}","templated":true}]}}